{"id":41,"date":"2017-01-19T14:14:31","date_gmt":"2017-01-19T14:14:31","guid":{"rendered":"https:\/\/turrillogs.es\/es\/?page_id=41"},"modified":"2024-07-12T09:37:14","modified_gmt":"2024-07-12T08:37:14","slug":"consulenza-contabile","status":"publish","type":"page","link":"https:\/\/turrillogs.es\/es\/consulenza-contabile\/","title":{"rendered":"Asesoria Contable"},"content":{"rendered":"<p>Los principales servicios que prestamos en materia de asesoramiento contable son los siguientes:<\/p>\n<ul style=\"margin-left: 35px;\">\n<li>Consultas y Asesoramiento en Contabilidades<\/li>\n<li>Llevanza de Libros Oficiales ajustados al Plan General Contable<\/li>\n<li>Confecci\u00f3n de Balances y Cuentas de Resultados Peri\u00f3dicos y An\u00e1lisis de los mismos<\/li>\n<li>Regularizaci\u00f3n y Cierre Contable<\/li>\n<li>Elaboraci\u00f3n de las Cuentas de Anuales<\/li>\n<li>Organizaci\u00f3n del Departamento Administrativo de su Empresa<\/li>\n<li>Contabilidad de Empresarios Individuales<\/li>\n<li>Adaptaci\u00f3n a Planes Sectoriales<\/li>\n<li>Dise\u00f1o de Sistema de Contabilidad de Gesti\u00f3n y Llevanza de la misma<\/li>\n<\/ul>\n","protected":false},"excerpt":{"rendered":"<p>Los principales servicios que prestamos en materia de asesoramiento contable son los siguientes: Consultas y Asesoramiento en Contabilidades Llevanza de Libros Oficiales ajustados al Plan General Contable Confecci\u00f3n de Balances y Cuentas de Resultados Peri\u00f3dicos y An\u00e1lisis de los mismos Regularizaci\u00f3n y Cierre Contable Elaboraci\u00f3n de las Cuentas de Anuales &hellip;<\/p>\n","protected":false},"author":6,"featured_media":0,"parent":0,"menu_order":0,"comment_status":"closed","ping_status":"closed","template":"elementor_theme","meta":{"footnotes":""},"class_list":["post-41","page","type-page","status-publish","hentry"],"yoast_head":"<!-- This site is optimized with the Yoast SEO plugin v26.8 - https:\/\/yoast.com\/product\/yoast-seo-wordpress\/ -->\n<title>Asesoria Contable - Turrillo Global Services<\/title>\n<meta name=\"description\" content=\"Conoce los principales servicios de asesoramiento que prestamos en materia contable para ayudar a tu empresa a despegar.\" \/>\n<meta name=\"robots\" content=\"index, follow, max-snippet:-1, max-image-preview:large, max-video-preview:-1\" \/>\n<link rel=\"canonical\" href=\"https:\/\/turrillogs.es\/es\/consulenza-contabile\/\" \/>\n<meta property=\"og:locale\" content=\"es_ES\" \/>\n<meta property=\"og:type\" content=\"article\" \/>\n<meta property=\"og:title\" content=\"Asesoria Contable - Turrillo Global Services\" \/>\n<meta property=\"og:description\" content=\"Conoce los principales servicios de asesoramiento que prestamos en materia contable para ayudar a tu empresa a despegar.\" \/>\n<meta property=\"og:url\" content=\"https:\/\/turrillogs.es\/es\/consulenza-contabile\/\" \/>\n<meta property=\"og:site_name\" content=\"Turrillo Global Services\" \/>\n<meta property=\"article:publisher\" content=\"https:\/\/www.facebook.com\/turrillogs.es\/?locale=es_ES\" \/>\n<meta property=\"article:modified_time\" content=\"2024-07-12T08:37:14+00:00\" \/>\n<meta name=\"twitter:card\" content=\"summary_large_image\" \/>\n<meta name=\"twitter:label1\" content=\"Tiempo de lectura\" \/>\n\t<meta name=\"twitter:data1\" content=\"1 minuto\" \/>\n<script type=\"application\/ld+json\" class=\"yoast-schema-graph\">{\"@context\":\"https:\/\/schema.org\",\"@graph\":[{\"@type\":\"WebPage\",\"@id\":\"https:\/\/turrillogs.es\/es\/consulenza-contabile\/\",\"url\":\"https:\/\/turrillogs.es\/es\/consulenza-contabile\/\",\"name\":\"Asesoria Contable - Turrillo Global Services\",\"isPartOf\":{\"@id\":\"https:\/\/turrillogs.es\/es\/#website\"},\"datePublished\":\"2017-01-19T14:14:31+00:00\",\"dateModified\":\"2024-07-12T08:37:14+00:00\",\"description\":\"Conoce los principales servicios de asesoramiento que prestamos en materia contable para ayudar a tu empresa a despegar.\",\"breadcrumb\":{\"@id\":\"https:\/\/turrillogs.es\/es\/consulenza-contabile\/#breadcrumb\"},\"inLanguage\":\"es\",\"potentialAction\":[{\"@type\":\"ReadAction\",\"target\":[\"https:\/\/turrillogs.es\/es\/consulenza-contabile\/\"]}]},{\"@type\":\"BreadcrumbList\",\"@id\":\"https:\/\/turrillogs.es\/es\/consulenza-contabile\/#breadcrumb\",\"itemListElement\":[{\"@type\":\"ListItem\",\"position\":1,\"name\":\"Home\",\"item\":\"https:\/\/turrillogs.es\/es\/\"},{\"@type\":\"ListItem\",\"position\":2,\"name\":\"Asesoria Contable\"}]},{\"@type\":\"WebSite\",\"@id\":\"https:\/\/turrillogs.es\/es\/#website\",\"url\":\"https:\/\/turrillogs.es\/es\/\",\"name\":\"Turrillo Global Services\",\"description\":\"Asesoria contable, fiscal y laboral\",\"publisher\":{\"@id\":\"https:\/\/turrillogs.es\/es\/#organization\"},\"potentialAction\":[{\"@type\":\"SearchAction\",\"target\":{\"@type\":\"EntryPoint\",\"urlTemplate\":\"https:\/\/turrillogs.es\/es\/?s={search_term_string}\"},\"query-input\":{\"@type\":\"PropertyValueSpecification\",\"valueRequired\":true,\"valueName\":\"search_term_string\"}}],\"inLanguage\":\"es\"},{\"@type\":\"Organization\",\"@id\":\"https:\/\/turrillogs.es\/es\/#organization\",\"name\":\"Turrillo Global Services\",\"url\":\"https:\/\/turrillogs.es\/es\/\",\"logo\":{\"@type\":\"ImageObject\",\"inLanguage\":\"es\",\"@id\":\"https:\/\/turrillogs.es\/es\/#\/schema\/logo\/image\/\",\"url\":\"https:\/\/turrillogs.es\/es\/wp-content\/uploads\/2021\/04\/a.jpg\",\"contentUrl\":\"https:\/\/turrillogs.es\/es\/wp-content\/uploads\/2021\/04\/a.jpg\",\"width\":262,\"height\":119,\"caption\":\"Turrillo Global Services\"},\"image\":{\"@id\":\"https:\/\/turrillogs.es\/es\/#\/schema\/logo\/image\/\"},\"sameAs\":[\"https:\/\/www.facebook.com\/turrillogs.es\/?locale=es_ES\",\"https:\/\/www.linkedin.com\/company\/turrillo-global-services\"]}]}<\/script>\n<!-- \/ Yoast SEO plugin. -->","yoast_head_json":{"title":"Asesoria Contable - Turrillo Global Services","description":"Conoce los principales servicios de asesoramiento que prestamos en materia contable para ayudar a tu empresa a despegar.","robots":{"index":"index","follow":"follow","max-snippet":"max-snippet:-1","max-image-preview":"max-image-preview:large","max-video-preview":"max-video-preview:-1"},"canonical":"https:\/\/turrillogs.es\/es\/consulenza-contabile\/","og_locale":"es_ES","og_type":"article","og_title":"Asesoria Contable - Turrillo Global Services","og_description":"Conoce los principales servicios de asesoramiento que prestamos en materia contable para ayudar a tu empresa a despegar.","og_url":"https:\/\/turrillogs.es\/es\/consulenza-contabile\/","og_site_name":"Turrillo Global Services","article_publisher":"https:\/\/www.facebook.com\/turrillogs.es\/?locale=es_ES","article_modified_time":"2024-07-12T08:37:14+00:00","twitter_card":"summary_large_image","twitter_misc":{"Tiempo de lectura":"1 minuto"},"schema":{"@context":"https:\/\/schema.org","@graph":[{"@type":"WebPage","@id":"https:\/\/turrillogs.es\/es\/consulenza-contabile\/","url":"https:\/\/turrillogs.es\/es\/consulenza-contabile\/","name":"Asesoria Contable - Turrillo Global Services","isPartOf":{"@id":"https:\/\/turrillogs.es\/es\/#website"},"datePublished":"2017-01-19T14:14:31+00:00","dateModified":"2024-07-12T08:37:14+00:00","description":"Conoce los principales servicios de asesoramiento que prestamos en materia contable para ayudar a tu empresa a despegar.","breadcrumb":{"@id":"https:\/\/turrillogs.es\/es\/consulenza-contabile\/#breadcrumb"},"inLanguage":"es","potentialAction":[{"@type":"ReadAction","target":["https:\/\/turrillogs.es\/es\/consulenza-contabile\/"]}]},{"@type":"BreadcrumbList","@id":"https:\/\/turrillogs.es\/es\/consulenza-contabile\/#breadcrumb","itemListElement":[{"@type":"ListItem","position":1,"name":"Home","item":"https:\/\/turrillogs.es\/es\/"},{"@type":"ListItem","position":2,"name":"Asesoria Contable"}]},{"@type":"WebSite","@id":"https:\/\/turrillogs.es\/es\/#website","url":"https:\/\/turrillogs.es\/es\/","name":"Turrillo Global Services","description":"Asesoria contable, fiscal y laboral","publisher":{"@id":"https:\/\/turrillogs.es\/es\/#organization"},"potentialAction":[{"@type":"SearchAction","target":{"@type":"EntryPoint","urlTemplate":"https:\/\/turrillogs.es\/es\/?s={search_term_string}"},"query-input":{"@type":"PropertyValueSpecification","valueRequired":true,"valueName":"search_term_string"}}],"inLanguage":"es"},{"@type":"Organization","@id":"https:\/\/turrillogs.es\/es\/#organization","name":"Turrillo Global Services","url":"https:\/\/turrillogs.es\/es\/","logo":{"@type":"ImageObject","inLanguage":"es","@id":"https:\/\/turrillogs.es\/es\/#\/schema\/logo\/image\/","url":"https:\/\/turrillogs.es\/es\/wp-content\/uploads\/2021\/04\/a.jpg","contentUrl":"https:\/\/turrillogs.es\/es\/wp-content\/uploads\/2021\/04\/a.jpg","width":262,"height":119,"caption":"Turrillo Global Services"},"image":{"@id":"https:\/\/turrillogs.es\/es\/#\/schema\/logo\/image\/"},"sameAs":["https:\/\/www.facebook.com\/turrillogs.es\/?locale=es_ES","https:\/\/www.linkedin.com\/company\/turrillo-global-services"]}]}},"post_mailing_queue_ids":[],"_links":{"self":[{"href":"https:\/\/turrillogs.es\/es\/wp-json\/wp\/v2\/pages\/41","targetHints":{"allow":["GET"]}}],"collection":[{"href":"https:\/\/turrillogs.es\/es\/wp-json\/wp\/v2\/pages"}],"about":[{"href":"https:\/\/turrillogs.es\/es\/wp-json\/wp\/v2\/types\/page"}],"author":[{"embeddable":true,"href":"https:\/\/turrillogs.es\/es\/wp-json\/wp\/v2\/users\/6"}],"replies":[{"embeddable":true,"href":"https:\/\/turrillogs.es\/es\/wp-json\/wp\/v2\/comments?post=41"}],"version-history":[{"count":6,"href":"https:\/\/turrillogs.es\/es\/wp-json\/wp\/v2\/pages\/41\/revisions"}],"predecessor-version":[{"id":325,"href":"https:\/\/turrillogs.es\/es\/wp-json\/wp\/v2\/pages\/41\/revisions\/325"}],"wp:attachment":[{"href":"https:\/\/turrillogs.es\/es\/wp-json\/wp\/v2\/media?parent=41"}],"curies":[{"name":"wp","href":"https:\/\/api.w.org\/{rel}","templated":true}]}}