{"id":13,"date":"2017-01-09T14:46:42","date_gmt":"2017-01-09T14:46:42","guid":{"rendered":"http:\/\/turrillogs.es\/fr\/?page_id=13"},"modified":"2019-11-03T14:09:52","modified_gmt":"2019-11-03T14:09:52","slug":"azienda","status":"publish","type":"page","link":"https:\/\/turrillogs.es\/fr\/?page_id=13","title":{"rendered":"Entreprise"},"content":{"rendered":"<p style=\"text-align: justify;\"><strong>Turrillo Global Services<\/strong>, commence ses activit\u00e9s en Espagne et en Italie avec l\u2019objectif d\u2019implanter un mod\u00e8le diff\u00e9rent de gestion d\u2019entreprises, se concentrant sur le conseil int\u00e9gral.<\/p>\n<p style=\"text-align: justify;\">Afin d\u2019offrir une forme de personnalisation maximum, les services que nous donnons s\u2019adaptent aux besoins de nos clients, pouvant conseiller globalement la gestion de votre entreprise, ou d\u2019une mani\u00e8re plus sp\u00e9cifique selon vos besoins.<\/p>\n<p style=\"text-align: justify;\">Notre exp\u00e9rience, nous permet d\u2019apporter la valeur ajout\u00e9e que nos clients exigent, sans autre secret qu\u2019apporter notre savoir, et les moyens technologiques dont nous disposons, investir le savoir- faire n\u00e9cessaire afin d\u2019obtenir les r\u00e9sultats qui satisfassent pleinement les attentes de nos services avec des co\u00fbts tr\u00e8s comp\u00e9titifs dans le secteur.<\/p>\n<p style=\"text-align: justify;\">Notre personnel est form\u00e9 de diff\u00e9rents professionnels par secteur proportionnant ainsi un large \u00e9ventail de possibilit\u00e9s pour donner \u00e0 votre entreprise le meilleur service.<\/p>\n<p><a href=\"https:\/\/turrillogs.es\/fr\/?page_id=41\">Conseil Comptable<\/a><\/p>\n<p><a href=\"https:\/\/turrillogs.es\/fr\/?page_id=43\">Conseil Fiscal<\/a><\/p>\n<p><a href=\"https:\/\/turrillogs.es\/fr\/?page_id=46\">Conseil Travail<\/a><\/p>\n<p><a href=\"https:\/\/turrillogs.es\/fr\/?page_id=66\">Affaires Publiques<\/a><\/p>\n","protected":false},"excerpt":{"rendered":"<p>Turrillo Global Services, commence ses activit\u00e9s en Espagne et en Italie avec l\u2019objectif d\u2019implanter un mod\u00e8le diff\u00e9rent de gestion d\u2019entreprises, se concentrant sur le conseil int\u00e9gral. Afin d\u2019offrir une forme de personnalisation maximum, les services que nous donnons s\u2019adaptent aux besoins de nos clients, pouvant conseiller globalement la gestion de &hellip;<\/p>\n","protected":false},"author":4,"featured_media":189,"parent":0,"menu_order":0,"comment_status":"closed","ping_status":"closed","template":"","meta":{"footnotes":""},"class_list":["post-13","page","type-page","status-publish","has-post-thumbnail","hentry"],"post_mailing_queue_ids":[],"_links":{"self":[{"href":"https:\/\/turrillogs.es\/fr\/index.php?rest_route=\/wp\/v2\/pages\/13","targetHints":{"allow":["GET"]}}],"collection":[{"href":"https:\/\/turrillogs.es\/fr\/index.php?rest_route=\/wp\/v2\/pages"}],"about":[{"href":"https:\/\/turrillogs.es\/fr\/index.php?rest_route=\/wp\/v2\/types\/page"}],"author":[{"embeddable":true,"href":"https:\/\/turrillogs.es\/fr\/index.php?rest_route=\/wp\/v2\/users\/4"}],"replies":[{"embeddable":true,"href":"https:\/\/turrillogs.es\/fr\/index.php?rest_route=%2Fwp%2Fv2%2Fcomments&post=13"}],"version-history":[{"count":12,"href":"https:\/\/turrillogs.es\/fr\/index.php?rest_route=\/wp\/v2\/pages\/13\/revisions"}],"predecessor-version":[{"id":424,"href":"https:\/\/turrillogs.es\/fr\/index.php?rest_route=\/wp\/v2\/pages\/13\/revisions\/424"}],"wp:featuredmedia":[{"embeddable":true,"href":"https:\/\/turrillogs.es\/fr\/index.php?rest_route=\/wp\/v2\/media\/189"}],"wp:attachment":[{"href":"https:\/\/turrillogs.es\/fr\/index.php?rest_route=%2Fwp%2Fv2%2Fmedia&parent=13"}],"curies":[{"name":"wp","href":"https:\/\/api.w.org\/{rel}","templated":true}]}}