{"id":43,"date":"2017-01-19T14:22:28","date_gmt":"2017-01-19T14:22:28","guid":{"rendered":"http:\/\/turrillogs.es\/fr\/?page_id=43"},"modified":"2019-11-22T09:39:50","modified_gmt":"2019-11-22T09:39:50","slug":"consulenza-fiscale","status":"publish","type":"page","link":"https:\/\/turrillogs.es\/fr\/?page_id=43","title":{"rendered":"Conseil Fiscal"},"content":{"rendered":"<p>Les principaux services que nous donnons en mati\u00e8re de fiscalit\u00e9 sont les suivants:<\/p>\n<ul style=\"margin-left: 35px;\">\n<li>Conseil et gestion des obligations fiscales suivantes:\n<ul style=\"margin-left: 35px;\">\n<li>Imp\u00f4t sur l\u2019imposition des personnes physiques.<\/li>\n<li>Imp\u00f4t sur les soci\u00e9t\u00e9s.<\/li>\n<li>Imp\u00f4t sur la valeur ajout\u00e9e (IVA).<\/li>\n<li>Imp\u00f4t sur les transmissions et actes juridiques.<\/li>\n<li>Imp\u00f4t sur les successions et donations.<\/li>\n<li>Imp\u00f4ts sp\u00e9ciaux, tributaires et taxes locales.<\/li>\n<\/ul>\n<\/li>\n<li>Liquidation conforme aux obligations fiscales fractionnement et report de paiements.<\/li>\n<li>Sollicitude de CIF, ouvertures, fermetures et modifications recens\u00e9es.<\/li>\n<li>Obtention de certificats de l\u2019Administration d\u2019Etat des Imp\u00f4ts.<\/li>\n<li>Informations et opinions fiscales.<\/li>\n<li>Recours et r\u00e9clamations.<\/li>\n<li>Inspections fiscales, assistance, d\u00e9fense, r\u00e9ponse aux exigences.<\/li>\n<\/ul>\n","protected":false},"excerpt":{"rendered":"<p>Les principaux services que nous donnons en mati\u00e8re de fiscalit\u00e9 sont les suivants: Conseil et gestion des obligations fiscales suivantes: Imp\u00f4t sur l\u2019imposition des personnes physiques. Imp\u00f4t sur les soci\u00e9t\u00e9s. Imp\u00f4t sur la valeur ajout\u00e9e (IVA). Imp\u00f4t sur les transmissions et actes juridiques. Imp\u00f4t sur les successions et donations. Imp\u00f4ts &hellip;<\/p>\n","protected":false},"author":4,"featured_media":0,"parent":0,"menu_order":0,"comment_status":"closed","ping_status":"closed","template":"","meta":{"footnotes":""},"class_list":["post-43","page","type-page","status-publish","hentry"],"post_mailing_queue_ids":[],"_links":{"self":[{"href":"https:\/\/turrillogs.es\/fr\/index.php?rest_route=\/wp\/v2\/pages\/43","targetHints":{"allow":["GET"]}}],"collection":[{"href":"https:\/\/turrillogs.es\/fr\/index.php?rest_route=\/wp\/v2\/pages"}],"about":[{"href":"https:\/\/turrillogs.es\/fr\/index.php?rest_route=\/wp\/v2\/types\/page"}],"author":[{"embeddable":true,"href":"https:\/\/turrillogs.es\/fr\/index.php?rest_route=\/wp\/v2\/users\/4"}],"replies":[{"embeddable":true,"href":"https:\/\/turrillogs.es\/fr\/index.php?rest_route=%2Fwp%2Fv2%2Fcomments&post=43"}],"version-history":[{"count":6,"href":"https:\/\/turrillogs.es\/fr\/index.php?rest_route=\/wp\/v2\/pages\/43\/revisions"}],"predecessor-version":[{"id":458,"href":"https:\/\/turrillogs.es\/fr\/index.php?rest_route=\/wp\/v2\/pages\/43\/revisions\/458"}],"wp:attachment":[{"href":"https:\/\/turrillogs.es\/fr\/index.php?rest_route=%2Fwp%2Fv2%2Fmedia&parent=43"}],"curies":[{"name":"wp","href":"https:\/\/api.w.org\/{rel}","templated":true}]}}